{"id":2112,"date":"2019-01-17T09:59:30","date_gmt":"2019-01-17T09:59:30","guid":{"rendered":"https:\/\/doatix.com\/?page_id=2112"},"modified":"2025-09-29T19:29:12","modified_gmt":"2025-09-29T19:29:12","slug":"sherbime","status":"publish","type":"page","link":"https:\/\/doatix.com\/sq\/sherbime\/","title":{"rendered":"Sh\u00ebrbime"},"content":{"rendered":"\t\t<div data-elementor-type=\"wp-post\" data-elementor-id=\"2112\" class=\"elementor elementor-2112 elementor-944\">\n\t\t\t\t\t\t<section class=\"elementor-section elementor-top-section elementor-element elementor-element-a424f9c elementor-section-stretched elementor-section-boxed elementor-section-height-default elementor-section-height-default\" data-id=\"a424f9c\" data-element_type=\"section\" data-settings=\"{&quot;stretch_section&quot;:&quot;section-stretched&quot;}\">\n\t\t\t\t\t\t<div class=\"elementor-container elementor-column-gap-default\">\n\t\t\t\t\t<div class=\"elementor-column elementor-col-33 elementor-top-column elementor-element elementor-element-0c62f0a\" data-id=\"0c62f0a\" data-element_type=\"column\">\n\t\t\t<div class=\"elementor-widget-wrap elementor-element-populated\">\n\t\t\t\t\t\t<div class=\"elementor-element elementor-element-8479546 elementor-widget elementor-widget-rt-info-box\" data-id=\"8479546\" data-element_type=\"widget\" data-widget_type=\"rt-info-box.default\">\n\t\t\t\t<div class=\"elementor-widget-container\">\n\t\t\t\t\t<div class=\"info-box info-box-1 rtin-style1\">\n\t<div class=\"item-sl\">\n\t\t\t\t<span class=\"info-number\">01<\/span>\n\t\t\t\t\t\t<h3 class=\"rtin-item-title\">Zhvillim Web<\/h3>\n\t\t\t<\/div>\n\t<div class=\"rtin-content\">\n\t\t\t\t\t<p class=\"rtin-text\">Nd\u00ebrtojm\u00eb faqe interneti fantastike q\u00eb duken shk\u00eblqyesh\u00ebm dhe funksionojn\u00eb n\u00eb m\u00ebnyr\u00eb perfekte. Sigurohemi q\u00eb \u201csht\u00ebpia\u201d juaj online t\u00eb jet\u00eb pik\u00ebrisht ajo q\u00eb ju nevojitet.<\/p>\n\t\t\t\t\t<\/div>\n<\/div>\t\t\t\t<\/div>\n\t\t\t\t<\/div>\n\t\t\t\t\t<\/div>\n\t\t<\/div>\n\t\t\t\t<div class=\"elementor-column elementor-col-33 elementor-top-column elementor-element elementor-element-5713e31\" data-id=\"5713e31\" data-element_type=\"column\">\n\t\t\t<div class=\"elementor-widget-wrap elementor-element-populated\">\n\t\t\t\t\t\t<div class=\"elementor-element elementor-element-74c8da3 elementor-widget elementor-widget-rt-info-box\" data-id=\"74c8da3\" data-element_type=\"widget\" data-widget_type=\"rt-info-box.default\">\n\t\t\t\t<div class=\"elementor-widget-container\">\n\t\t\t\t\t<div class=\"info-box info-box-1 rtin-style1\">\n\t<div class=\"item-sl\">\n\t\t\t\t<span class=\"info-number\">02<\/span>\n\t\t\t\t\t\t<h3 class=\"rtin-item-title\">Dizajn<\/h3>\n\t\t\t<\/div>\n\t<div class=\"rtin-content\">\n\t\t\t\t\t<p class=\"rtin-text\">Pamje vizuale q\u00eb t\u00ebrheqin v\u00ebmendjen dhe tregojn\u00eb historin\u00eb tuaj. Mendo p\u00ebr logo mbres\u00ebl\u00ebn\u00ebse, faqen e internetit dhe dizajne q\u00eb dallohen dhe krijojn\u00eb lidhje emocionale.<\/p>\n\t\t\t\t\t<\/div>\n<\/div>\t\t\t\t<\/div>\n\t\t\t\t<\/div>\n\t\t\t\t\t<\/div>\n\t\t<\/div>\n\t\t\t\t<div class=\"elementor-column elementor-col-33 elementor-top-column elementor-element elementor-element-132c509\" data-id=\"132c509\" data-element_type=\"column\">\n\t\t\t<div class=\"elementor-widget-wrap elementor-element-populated\">\n\t\t\t\t\t\t<div class=\"elementor-element elementor-element-970e6be elementor-widget elementor-widget-rt-info-box\" data-id=\"970e6be\" data-element_type=\"widget\" data-widget_type=\"rt-info-box.default\">\n\t\t\t\t<div class=\"elementor-widget-container\">\n\t\t\t\t\t<div class=\"info-box info-box-1 rtin-style1\">\n\t<div class=\"item-sl\">\n\t\t\t\t<span class=\"info-number\">03<\/span>\n\t\t\t\t\t\t<h3 class=\"rtin-item-title\">SEO<\/h3>\n\t\t\t<\/div>\n\t<div class=\"rtin-content\">\n\t\t\t\t\t<p class=\"rtin-text\">Krijojm\u00eb fushata n\u00eb Google, Facebook dhe Instagram p\u00ebr ta b\u00ebr\u00eb biznesin tuaj t\u00eb dallohet tek njer\u00ebzit e duhur, duke sjell\u00eb m\u00eb shum\u00eb vizitor\u00eb dhe klient\u00eb potencial\u00eb.<\/p>\n\t\t\t\t\t<\/div>\n<\/div>\t\t\t\t<\/div>\n\t\t\t\t<\/div>\n\t\t\t\t\t<\/div>\n\t\t<\/div>\n\t\t\t\t\t<\/div>\n\t\t<\/section>\n\t\t\t\t<section class=\"elementor-section elementor-top-section elementor-element elementor-element-616c47f elementor-section-stretched elementor-section-boxed elementor-section-height-default elementor-section-height-default\" data-id=\"616c47f\" data-element_type=\"section\" data-settings=\"{&quot;stretch_section&quot;:&quot;section-stretched&quot;}\">\n\t\t\t\t\t\t<div class=\"elementor-container elementor-column-gap-default\">\n\t\t\t\t\t<div class=\"elementor-column elementor-col-33 elementor-top-column elementor-element elementor-element-13e7762\" data-id=\"13e7762\" data-element_type=\"column\">\n\t\t\t<div class=\"elementor-widget-wrap elementor-element-populated\">\n\t\t\t\t\t\t<div class=\"elementor-element elementor-element-5289104 elementor-widget elementor-widget-rt-info-box\" data-id=\"5289104\" data-element_type=\"widget\" data-widget_type=\"rt-info-box.default\">\n\t\t\t\t<div class=\"elementor-widget-container\">\n\t\t\t\t\t<div class=\"info-box info-box-1 rtin-style1\">\n\t<div class=\"item-sl\">\n\t\t\t\t<span class=\"info-number\">04<\/span>\n\t\t\t\t\t\t<h3 class=\"rtin-item-title\">Google &amp; Meta Ads<\/h3>\n\t\t\t<\/div>\n\t<div class=\"rtin-content\">\n\t\t\t\t\t<p class=\"rtin-text\">We create campaigns on Google, Facebook, and Instagram to get your business noticed by the right people, driving more visitors and potential customers.\n<\/p>\n\t\t\t\t\t<\/div>\n<\/div>\t\t\t\t<\/div>\n\t\t\t\t<\/div>\n\t\t\t\t\t<\/div>\n\t\t<\/div>\n\t\t\t\t<div class=\"elementor-column elementor-col-33 elementor-top-column elementor-element elementor-element-48da8e1\" data-id=\"48da8e1\" data-element_type=\"column\">\n\t\t\t<div class=\"elementor-widget-wrap elementor-element-populated\">\n\t\t\t\t\t\t<div class=\"elementor-element elementor-element-5f16488 elementor-widget elementor-widget-rt-info-box\" data-id=\"5f16488\" data-element_type=\"widget\" data-widget_type=\"rt-info-box.default\">\n\t\t\t\t<div class=\"elementor-widget-container\">\n\t\t\t\t\t<div class=\"info-box info-box-1 rtin-style1\">\n\t<div class=\"item-sl\">\n\t\t\t\t<span class=\"info-number\">05<\/span>\n\t\t\t\t\t\t<h3 class=\"rtin-item-title\">Staf sipas k\u00ebrkes\u00ebs<\/h3>\n\t\t\t<\/div>\n\t<div class=\"rtin-content\">\n\t\t\t\t\t<p class=\"rtin-text\">Ju nevojiten m\u00eb shum\u00eb duar p\u00ebr projektet tuaja teknologjike? Profesionist\u00eb t\u00eb aft\u00eb, n\u00eb fusha t\u00eb ndryshme, t\u00eb gatsh\u00ebm t\u00eb bashkohen me ekipin tuaj sa her\u00eb q\u00eb keni nevoj\u00eb.<\/p>\n\t\t\t\t\t<\/div>\n<\/div>\t\t\t\t<\/div>\n\t\t\t\t<\/div>\n\t\t\t\t\t<\/div>\n\t\t<\/div>\n\t\t\t\t<div class=\"elementor-column elementor-col-33 elementor-top-column elementor-element elementor-element-bfa60d5\" data-id=\"bfa60d5\" data-element_type=\"column\">\n\t\t\t<div class=\"elementor-widget-wrap elementor-element-populated\">\n\t\t\t\t\t\t<div class=\"elementor-element elementor-element-bb8144b elementor-widget elementor-widget-rt-info-box\" data-id=\"bb8144b\" data-element_type=\"widget\" data-widget_type=\"rt-info-box.default\">\n\t\t\t\t<div class=\"elementor-widget-container\">\n\t\t\t\t\t<div class=\"info-box info-box-1 rtin-style1\">\n\t<div class=\"item-sl\">\n\t\t\t\t<span class=\"info-number\">06<\/span>\n\t\t\t\t\t\t<h3 class=\"rtin-item-title\">Teknologji t\u00eb tjera<\/h3>\n\t\t\t<\/div>\n\t<div class=\"rtin-content\">\n\t\t\t\t\t<p class=\"rtin-text\">P\u00ebrtej faqeve standarde t\u00eb internetit, ne jemi ekspert\u00eb n\u00eb nj\u00eb gam\u00eb t\u00eb gjer\u00eb teknologjish. Aplikacione web t\u00eb personalizuara, sisteme t\u00eb fuqishme backend apo aplikacione native.<\/p>\n\t\t\t\t\t<\/div>\n<\/div>\t\t\t\t<\/div>\n\t\t\t\t<\/div>\n\t\t\t\t\t<\/div>\n\t\t<\/div>\n\t\t\t\t\t<\/div>\n\t\t<\/section>\n\t\t\t\t<\/div>\n\t\t","protected":false},"excerpt":{"rendered":"<p>01 Zhvillim Web Nd\u00ebrtojm\u00eb faqe interneti fantastike q\u00eb duken shk\u00eblqyesh\u00ebm dhe funksionojn\u00eb n\u00eb m\u00ebnyr\u00eb perfekte. Sigurohemi q\u00eb \u201csht\u00ebpia\u201d juaj online t\u00eb jet\u00eb pik\u00ebrisht ajo q\u00eb ju nevojitet. 02 Dizajn Pamje vizuale q\u00eb t\u00ebrheqin v\u00ebmendjen dhe tregojn\u00eb historin\u00eb tuaj. Mendo p\u00ebr logo mbres\u00ebl\u00ebn\u00ebse, faqen e internetit dhe dizajne q\u00eb dallohen dhe krijojn\u00eb lidhje emocionale. 03 SEO [&hellip;]<\/p>\n","protected":false},"author":1,"featured_media":0,"parent":0,"menu_order":0,"comment_status":"closed","ping_status":"closed","template":"elementor_header_footer","meta":{"footnotes":""},"class_list":["post-2112","page","type-page","status-publish","hentry"],"yoast_head":"<!-- This site is optimized with the Yoast SEO plugin v26.7 - https:\/\/yoast.com\/wordpress\/plugins\/seo\/ -->\n<title>Sh\u00ebrbime - Doatix<\/title>\n<meta name=\"robots\" content=\"index, follow, max-snippet:-1, max-image-preview:large, max-video-preview:-1\" \/>\n<link rel=\"canonical\" href=\"https:\/\/doatix.com\/sq\/sherbime\/\" \/>\n<meta property=\"og:locale\" content=\"sq_AL\" \/>\n<meta property=\"og:type\" content=\"article\" \/>\n<meta property=\"og:title\" content=\"Sh\u00ebrbime - Doatix\" \/>\n<meta property=\"og:description\" content=\"01 Zhvillim Web Nd\u00ebrtojm\u00eb faqe interneti fantastike q\u00eb duken shk\u00eblqyesh\u00ebm dhe funksionojn\u00eb n\u00eb m\u00ebnyr\u00eb perfekte. Sigurohemi q\u00eb \u201csht\u00ebpia\u201d juaj online t\u00eb jet\u00eb pik\u00ebrisht ajo q\u00eb ju nevojitet. 02 Dizajn Pamje vizuale q\u00eb t\u00ebrheqin v\u00ebmendjen dhe tregojn\u00eb historin\u00eb tuaj. Mendo p\u00ebr logo mbres\u00ebl\u00ebn\u00ebse, faqen e internetit dhe dizajne q\u00eb dallohen dhe krijojn\u00eb lidhje emocionale. 03 SEO [&hellip;]\" \/>\n<meta property=\"og:url\" content=\"https:\/\/doatix.com\/sq\/sherbime\/\" \/>\n<meta property=\"og:site_name\" content=\"Doatix\" \/>\n<meta property=\"article:modified_time\" content=\"2025-09-29T19:29:12+00:00\" \/>\n<meta name=\"twitter:card\" content=\"summary_large_image\" \/>\n<meta name=\"twitter:label1\" content=\"Est. reading time\" \/>\n\t<meta name=\"twitter:data1\" content=\"1 minute\" \/>\n<script type=\"application\/ld+json\" class=\"yoast-schema-graph\">{\"@context\":\"https:\/\/schema.org\",\"@graph\":[{\"@type\":\"WebPage\",\"@id\":\"https:\/\/doatix.com\/sq\/sherbime\/\",\"url\":\"https:\/\/doatix.com\/sq\/sherbime\/\",\"name\":\"Sh\u00ebrbime - Doatix\",\"isPartOf\":{\"@id\":\"https:\/\/doatix.com\/#website\"},\"datePublished\":\"2019-01-17T09:59:30+00:00\",\"dateModified\":\"2025-09-29T19:29:12+00:00\",\"breadcrumb\":{\"@id\":\"https:\/\/doatix.com\/sq\/sherbime\/#breadcrumb\"},\"inLanguage\":\"sq-AL\",\"potentialAction\":[{\"@type\":\"ReadAction\",\"target\":[\"https:\/\/doatix.com\/sq\/sherbime\/\"]}]},{\"@type\":\"BreadcrumbList\",\"@id\":\"https:\/\/doatix.com\/sq\/sherbime\/#breadcrumb\",\"itemListElement\":[{\"@type\":\"ListItem\",\"position\":1,\"name\":\"Home\",\"item\":\"https:\/\/doatix.com\/sq\/\"},{\"@type\":\"ListItem\",\"position\":2,\"name\":\"Sh\u00ebrbime\"}]},{\"@type\":\"WebSite\",\"@id\":\"https:\/\/doatix.com\/#website\",\"url\":\"https:\/\/doatix.com\/\",\"name\":\"Doatix\",\"description\":\"Web development - Design - SEO\",\"potentialAction\":[{\"@type\":\"SearchAction\",\"target\":{\"@type\":\"EntryPoint\",\"urlTemplate\":\"https:\/\/doatix.com\/?s={search_term_string}\"},\"query-input\":{\"@type\":\"PropertyValueSpecification\",\"valueRequired\":true,\"valueName\":\"search_term_string\"}}],\"inLanguage\":\"sq-AL\"}]}<\/script>\n<!-- \/ Yoast SEO plugin. -->","yoast_head_json":{"title":"Sh\u00ebrbime - Doatix","robots":{"index":"index","follow":"follow","max-snippet":"max-snippet:-1","max-image-preview":"max-image-preview:large","max-video-preview":"max-video-preview:-1"},"canonical":"https:\/\/doatix.com\/sq\/sherbime\/","og_locale":"sq_AL","og_type":"article","og_title":"Sh\u00ebrbime - Doatix","og_description":"01 Zhvillim Web Nd\u00ebrtojm\u00eb faqe interneti fantastike q\u00eb duken shk\u00eblqyesh\u00ebm dhe funksionojn\u00eb n\u00eb m\u00ebnyr\u00eb perfekte. Sigurohemi q\u00eb \u201csht\u00ebpia\u201d juaj online t\u00eb jet\u00eb pik\u00ebrisht ajo q\u00eb ju nevojitet. 02 Dizajn Pamje vizuale q\u00eb t\u00ebrheqin v\u00ebmendjen dhe tregojn\u00eb historin\u00eb tuaj. Mendo p\u00ebr logo mbres\u00ebl\u00ebn\u00ebse, faqen e internetit dhe dizajne q\u00eb dallohen dhe krijojn\u00eb lidhje emocionale. 03 SEO [&hellip;]","og_url":"https:\/\/doatix.com\/sq\/sherbime\/","og_site_name":"Doatix","article_modified_time":"2025-09-29T19:29:12+00:00","twitter_card":"summary_large_image","twitter_misc":{"Est. reading time":"1 minute"},"schema":{"@context":"https:\/\/schema.org","@graph":[{"@type":"WebPage","@id":"https:\/\/doatix.com\/sq\/sherbime\/","url":"https:\/\/doatix.com\/sq\/sherbime\/","name":"Sh\u00ebrbime - Doatix","isPartOf":{"@id":"https:\/\/doatix.com\/#website"},"datePublished":"2019-01-17T09:59:30+00:00","dateModified":"2025-09-29T19:29:12+00:00","breadcrumb":{"@id":"https:\/\/doatix.com\/sq\/sherbime\/#breadcrumb"},"inLanguage":"sq-AL","potentialAction":[{"@type":"ReadAction","target":["https:\/\/doatix.com\/sq\/sherbime\/"]}]},{"@type":"BreadcrumbList","@id":"https:\/\/doatix.com\/sq\/sherbime\/#breadcrumb","itemListElement":[{"@type":"ListItem","position":1,"name":"Home","item":"https:\/\/doatix.com\/sq\/"},{"@type":"ListItem","position":2,"name":"Sh\u00ebrbime"}]},{"@type":"WebSite","@id":"https:\/\/doatix.com\/#website","url":"https:\/\/doatix.com\/","name":"Doatix","description":"Web development - Design - SEO","potentialAction":[{"@type":"SearchAction","target":{"@type":"EntryPoint","urlTemplate":"https:\/\/doatix.com\/?s={search_term_string}"},"query-input":{"@type":"PropertyValueSpecification","valueRequired":true,"valueName":"search_term_string"}}],"inLanguage":"sq-AL"}]}},"_links":{"self":[{"href":"https:\/\/doatix.com\/sq\/wp-json\/wp\/v2\/pages\/2112","targetHints":{"allow":["GET"]}}],"collection":[{"href":"https:\/\/doatix.com\/sq\/wp-json\/wp\/v2\/pages"}],"about":[{"href":"https:\/\/doatix.com\/sq\/wp-json\/wp\/v2\/types\/page"}],"author":[{"embeddable":true,"href":"https:\/\/doatix.com\/sq\/wp-json\/wp\/v2\/users\/1"}],"replies":[{"embeddable":true,"href":"https:\/\/doatix.com\/sq\/wp-json\/wp\/v2\/comments?post=2112"}],"version-history":[{"count":4,"href":"https:\/\/doatix.com\/sq\/wp-json\/wp\/v2\/pages\/2112\/revisions"}],"predecessor-version":[{"id":2116,"href":"https:\/\/doatix.com\/sq\/wp-json\/wp\/v2\/pages\/2112\/revisions\/2116"}],"wp:attachment":[{"href":"https:\/\/doatix.com\/sq\/wp-json\/wp\/v2\/media?parent=2112"}],"curies":[{"name":"wp","href":"https:\/\/api.w.org\/{rel}","templated":true}]}}