{"id":2083,"date":"2018-12-26T11:16:09","date_gmt":"2018-12-26T11:16:09","guid":{"rendered":"https:\/\/doatix.com\/?page_id=2083"},"modified":"2025-09-29T19:02:32","modified_gmt":"2025-09-29T19:02:32","slug":"homepage","status":"publish","type":"page","link":"https:\/\/doatix.com\/sq\/","title":{"rendered":"Homepage"},"content":{"rendered":"\t\t<div data-elementor-type=\"wp-post\" data-elementor-id=\"2083\" class=\"elementor elementor-2083 elementor-390\">\n\t\t\t\t\t\t<section class=\"elementor-section elementor-top-section elementor-element elementor-element-e0539c6 elementor-section-stretched elementor-section-full_width elementor-section-height-default elementor-section-height-default\" data-id=\"e0539c6\" data-element_type=\"section\" data-settings=\"{&quot;stretch_section&quot;:&quot;section-stretched&quot;,&quot;background_background&quot;:&quot;classic&quot;}\">\n\t\t\t\t\t\t<div class=\"elementor-container elementor-column-gap-default\">\n\t\t\t\t\t<div class=\"elementor-column elementor-col-100 elementor-top-column elementor-element elementor-element-447d67e\" data-id=\"447d67e\" data-element_type=\"column\" data-settings=\"{&quot;background_background&quot;:&quot;classic&quot;}\">\n\t\t\t<div class=\"elementor-widget-wrap elementor-element-populated\">\n\t\t\t\t\t\t<div class=\"elementor-element elementor-element-26c270d elementor-widget elementor-widget-heading\" data-id=\"26c270d\" data-element_type=\"widget\" data-widget_type=\"heading.default\">\n\t\t\t\t<div class=\"elementor-widget-container\">\n\t\t\t\t\t<h1 class=\"elementor-heading-title elementor-size-default\">Partneri juaj p\u00ebr rritje digjitale: Zhvillim Web, SEO &amp; strategji Marketingu p\u00ebr biznesin tuaj<\/h1>\t\t\t\t<\/div>\n\t\t\t\t<\/div>\n\t\t\t\t<div class=\"elementor-element elementor-element-59d20f1 elementor-widget elementor-widget-rt-portfolio-grid\" data-id=\"59d20f1\" data-element_type=\"widget\" data-widget_type=\"rt-portfolio-grid.default\">\n\t\t\t\t<div class=\"elementor-widget-container\">\n\t\t\t\t\t<div class=\"portfolio-default rt-portfolio-1\">\n\t<div class=\"row \">\n\t\t\t<\/div>\n\t\t\t\t\t<div class=\"portfolio-button col-12\"><a class=\"zugan-button-1\" href=\"https:\/\/doatix.com\/projekte\/\">T\u00cb GJITHA PROJEKTET<i class=\"flaticon-next\"><\/i><\/a><\/div>\n\t\t\t\t<\/div>\t\t\t\t<\/div>\n\t\t\t\t<\/div>\n\t\t\t\t\t<\/div>\n\t\t<\/div>\n\t\t\t\t\t<\/div>\n\t\t<\/section>\n\t\t\t\t<section class=\"elementor-section elementor-top-section elementor-element elementor-element-af3ec49 elementor-section-boxed elementor-section-height-default elementor-section-height-default\" data-id=\"af3ec49\" data-element_type=\"section\">\n\t\t\t\t\t\t<div class=\"elementor-container elementor-column-gap-default\">\n\t\t\t\t\t<div class=\"elementor-column elementor-col-100 elementor-top-column elementor-element elementor-element-9dcef4c\" data-id=\"9dcef4c\" data-element_type=\"column\">\n\t\t\t<div class=\"elementor-widget-wrap elementor-element-populated\">\n\t\t\t\t\t\t<div class=\"elementor-element elementor-element-09e68c7 elementor-widget elementor-widget-rt-About-image-text\" data-id=\"09e68c7\" data-element_type=\"widget\" data-widget_type=\"rt-About-image-text.default\">\n\t\t\t\t<div class=\"elementor-widget-container\">\n\t\t\t\t\t<div class=\"about-image-text about-layout-style1\">\n\t<div class=\"row\">\n\t\t<div class=\"col-lg-5 order-lg-1\">\n\t\t\t<div class=\"about-image\">\n\t\t\t\t<img fetchpriority=\"high\" decoding=\"async\" width=\"491\" height=\"533\" src=\"https:\/\/doatix.com\/wp-content\/uploads\/2025\/05\/about-us.webp\" class=\"attachment-full size-full\" alt=\"\" srcset=\"https:\/\/doatix.com\/wp-content\/uploads\/2025\/05\/about-us.webp 491w, https:\/\/doatix.com\/wp-content\/uploads\/2025\/05\/about-us-276x300.webp 276w\" sizes=\"(max-width: 491px) 100vw, 491px\" \/>\t\t\t\t\n\t\t\t<\/div>\n\t\t<\/div>\n\t\t<div class=\"col-lg-7 d-flex align-items-center order-lg-2\">\n\t\t\t<div class=\"about-content\">\n\t\t\t\t\t\t\t\t<h2 class=\"rtin-title about-right-side-content\" style=\" color: #dadada; font-size: 48px;\">Rreth Nesh<\/h2>\n\t\t\t\t\t\t\t\t\t\t\t\t<h4 class=\"sub-rtin-title\" style=\" color: #111111; font-size: 20px;\">Zgjidhje t\u00eb thjeshta p\u00ebr m\u00eb shum\u00eb p\u00ebrfitime<\/h4>\n\t\t\t\t\t\t\t\t<div class=\"rtin-content\" style=\" color: #444444;\"><p data-start=\"26\" data-end=\"163\">Ne jemi <strong data-start=\"95\" data-end=\"105\">Doatix<\/strong>, dhe ndihmojm\u00eb biznese si i juaji t\u00eb shk\u00eblqejn\u00eb online.<\/p><p data-start=\"165\" data-end=\"319\">Ne nd\u00ebrtojm\u00eb faqe interneti mbres\u00ebl\u00ebn\u00ebse, kujdesemi q\u00eb njer\u00ebzit t\u2019ju gjejn\u00eb n\u00eb Google dhe vendosim sisteme inteligjente p\u00ebr menaxhimin e klient\u00ebve tuaj.<\/p><p data-start=\"321\" data-end=\"447\">Mendoni p\u00ebr ne si partner\u00ebt tuaj t\u00eb rritjes digjitale, t\u00eb gatsh\u00ebm ta b\u00ebjm\u00eb udh\u00ebtimin tuaj online t\u00eb leht\u00eb dhe t\u00eb suksessh\u00ebm.<\/p><\/div>\n\t\t\t\t\t\t\t\t\t\t\t\t<div class=\"rtin-button\"><a class=\"zugan-button-2\" href=\"mailto:info@doatix.com\">Kontakto<i class=\"fa fa-angle-right\" aria-hidden=\"true\"><\/i><\/a><\/div>\n\t\t\t\t\t\t\t\t\t\t\t<\/div>\n\t\t<\/div>\n\t<\/div>\n<\/div>\t\t\t\t<\/div>\n\t\t\t\t<\/div>\n\t\t\t\t\t<\/div>\n\t\t<\/div>\n\t\t\t\t\t<\/div>\n\t\t<\/section>\n\t\t\t\t<\/div>\n\t\t","protected":false},"excerpt":{"rendered":"<p>Partneri juaj p\u00ebr rritje digjitale: Zhvillim Web, SEO &amp; strategji Marketingu p\u00ebr biznesin tuaj T\u00cb GJITHA PROJEKTET Rreth Nesh Zgjidhje t\u00eb thjeshta p\u00ebr m\u00eb shum\u00eb p\u00ebrfitime Ne jemi Doatix, dhe ndihmojm\u00eb biznese si i juaji t\u00eb shk\u00eblqejn\u00eb online. Ne nd\u00ebrtojm\u00eb faqe interneti mbres\u00ebl\u00ebn\u00ebse, kujdesemi q\u00eb njer\u00ebzit t\u2019ju gjejn\u00eb n\u00eb Google dhe vendosim sisteme inteligjente p\u00ebr [&hellip;]<\/p>\n","protected":false},"author":1,"featured_media":1927,"parent":0,"menu_order":0,"comment_status":"closed","ping_status":"closed","template":"elementor_header_footer","meta":{"footnotes":""},"class_list":["post-2083","page","type-page","status-publish","has-post-thumbnail","hentry"],"yoast_head":"<!-- This site is optimized with the Yoast SEO plugin v26.7 - https:\/\/yoast.com\/wordpress\/plugins\/seo\/ -->\n<title>Homepage - Doatix<\/title>\n<meta name=\"robots\" content=\"index, follow, max-snippet:-1, max-image-preview:large, max-video-preview:-1\" \/>\n<link rel=\"canonical\" href=\"https:\/\/doatix.com\/sq\/\" \/>\n<meta property=\"og:locale\" content=\"sq_AL\" \/>\n<meta property=\"og:type\" content=\"article\" \/>\n<meta property=\"og:title\" content=\"Homepage - Doatix\" \/>\n<meta property=\"og:description\" content=\"Partneri juaj p\u00ebr rritje digjitale: Zhvillim Web, SEO &amp; strategji Marketingu p\u00ebr biznesin tuaj T\u00cb GJITHA PROJEKTET Rreth Nesh Zgjidhje t\u00eb thjeshta p\u00ebr m\u00eb shum\u00eb p\u00ebrfitime Ne jemi Doatix, dhe ndihmojm\u00eb biznese si i juaji t\u00eb shk\u00eblqejn\u00eb online. Ne nd\u00ebrtojm\u00eb faqe interneti mbres\u00ebl\u00ebn\u00ebse, kujdesemi q\u00eb njer\u00ebzit t\u2019ju gjejn\u00eb n\u00eb Google dhe vendosim sisteme inteligjente p\u00ebr [&hellip;]\" \/>\n<meta property=\"og:url\" content=\"https:\/\/doatix.com\/sq\/\" \/>\n<meta property=\"og:site_name\" content=\"Doatix\" \/>\n<meta property=\"article:modified_time\" content=\"2025-09-29T19:02:32+00:00\" \/>\n<meta property=\"og:image\" content=\"https:\/\/doatix.com\/wp-content\/uploads\/2025\/05\/cropped-favicon-doatix.png\" \/>\n\t<meta property=\"og:image:width\" content=\"512\" \/>\n\t<meta property=\"og:image:height\" content=\"512\" \/>\n\t<meta property=\"og:image:type\" content=\"image\/png\" \/>\n<meta name=\"twitter:card\" content=\"summary_large_image\" \/>\n<meta name=\"twitter:label1\" content=\"Est. reading time\" \/>\n\t<meta name=\"twitter:data1\" content=\"1 minute\" \/>\n<script type=\"application\/ld+json\" class=\"yoast-schema-graph\">{\"@context\":\"https:\/\/schema.org\",\"@graph\":[{\"@type\":\"WebPage\",\"@id\":\"https:\/\/doatix.com\/sq\/\",\"url\":\"https:\/\/doatix.com\/sq\/\",\"name\":\"Homepage - Doatix\",\"isPartOf\":{\"@id\":\"https:\/\/doatix.com\/#website\"},\"primaryImageOfPage\":{\"@id\":\"https:\/\/doatix.com\/sq\/#primaryimage\"},\"image\":{\"@id\":\"https:\/\/doatix.com\/sq\/#primaryimage\"},\"thumbnailUrl\":\"https:\/\/doatix.com\/wp-content\/uploads\/2025\/05\/cropped-favicon-doatix.png\",\"datePublished\":\"2018-12-26T11:16:09+00:00\",\"dateModified\":\"2025-09-29T19:02:32+00:00\",\"breadcrumb\":{\"@id\":\"https:\/\/doatix.com\/sq\/#breadcrumb\"},\"inLanguage\":\"sq-AL\",\"potentialAction\":[{\"@type\":\"ReadAction\",\"target\":[\"https:\/\/doatix.com\/sq\/\"]}]},{\"@type\":\"ImageObject\",\"inLanguage\":\"sq-AL\",\"@id\":\"https:\/\/doatix.com\/sq\/#primaryimage\",\"url\":\"https:\/\/doatix.com\/wp-content\/uploads\/2025\/05\/cropped-favicon-doatix.png\",\"contentUrl\":\"https:\/\/doatix.com\/wp-content\/uploads\/2025\/05\/cropped-favicon-doatix.png\",\"width\":512,\"height\":512},{\"@type\":\"BreadcrumbList\",\"@id\":\"https:\/\/doatix.com\/sq\/#breadcrumb\",\"itemListElement\":[{\"@type\":\"ListItem\",\"position\":1,\"name\":\"Home\",\"item\":\"https:\/\/doatix.com\/sq\/\"},{\"@type\":\"ListItem\",\"position\":2,\"name\":\"Homepage\"}]},{\"@type\":\"WebSite\",\"@id\":\"https:\/\/doatix.com\/#website\",\"url\":\"https:\/\/doatix.com\/\",\"name\":\"Doatix\",\"description\":\"Web development - Design - SEO\",\"potentialAction\":[{\"@type\":\"SearchAction\",\"target\":{\"@type\":\"EntryPoint\",\"urlTemplate\":\"https:\/\/doatix.com\/?s={search_term_string}\"},\"query-input\":{\"@type\":\"PropertyValueSpecification\",\"valueRequired\":true,\"valueName\":\"search_term_string\"}}],\"inLanguage\":\"sq-AL\"}]}<\/script>\n<!-- \/ Yoast SEO plugin. -->","yoast_head_json":{"title":"Homepage - Doatix","robots":{"index":"index","follow":"follow","max-snippet":"max-snippet:-1","max-image-preview":"max-image-preview:large","max-video-preview":"max-video-preview:-1"},"canonical":"https:\/\/doatix.com\/sq\/","og_locale":"sq_AL","og_type":"article","og_title":"Homepage - Doatix","og_description":"Partneri juaj p\u00ebr rritje digjitale: Zhvillim Web, SEO &amp; strategji Marketingu p\u00ebr biznesin tuaj T\u00cb GJITHA PROJEKTET Rreth Nesh Zgjidhje t\u00eb thjeshta p\u00ebr m\u00eb shum\u00eb p\u00ebrfitime Ne jemi Doatix, dhe ndihmojm\u00eb biznese si i juaji t\u00eb shk\u00eblqejn\u00eb online. Ne nd\u00ebrtojm\u00eb faqe interneti mbres\u00ebl\u00ebn\u00ebse, kujdesemi q\u00eb njer\u00ebzit t\u2019ju gjejn\u00eb n\u00eb Google dhe vendosim sisteme inteligjente p\u00ebr [&hellip;]","og_url":"https:\/\/doatix.com\/sq\/","og_site_name":"Doatix","article_modified_time":"2025-09-29T19:02:32+00:00","og_image":[{"width":512,"height":512,"url":"https:\/\/doatix.com\/wp-content\/uploads\/2025\/05\/cropped-favicon-doatix.png","type":"image\/png"}],"twitter_card":"summary_large_image","twitter_misc":{"Est. reading time":"1 minute"},"schema":{"@context":"https:\/\/schema.org","@graph":[{"@type":"WebPage","@id":"https:\/\/doatix.com\/sq\/","url":"https:\/\/doatix.com\/sq\/","name":"Homepage - Doatix","isPartOf":{"@id":"https:\/\/doatix.com\/#website"},"primaryImageOfPage":{"@id":"https:\/\/doatix.com\/sq\/#primaryimage"},"image":{"@id":"https:\/\/doatix.com\/sq\/#primaryimage"},"thumbnailUrl":"https:\/\/doatix.com\/wp-content\/uploads\/2025\/05\/cropped-favicon-doatix.png","datePublished":"2018-12-26T11:16:09+00:00","dateModified":"2025-09-29T19:02:32+00:00","breadcrumb":{"@id":"https:\/\/doatix.com\/sq\/#breadcrumb"},"inLanguage":"sq-AL","potentialAction":[{"@type":"ReadAction","target":["https:\/\/doatix.com\/sq\/"]}]},{"@type":"ImageObject","inLanguage":"sq-AL","@id":"https:\/\/doatix.com\/sq\/#primaryimage","url":"https:\/\/doatix.com\/wp-content\/uploads\/2025\/05\/cropped-favicon-doatix.png","contentUrl":"https:\/\/doatix.com\/wp-content\/uploads\/2025\/05\/cropped-favicon-doatix.png","width":512,"height":512},{"@type":"BreadcrumbList","@id":"https:\/\/doatix.com\/sq\/#breadcrumb","itemListElement":[{"@type":"ListItem","position":1,"name":"Home","item":"https:\/\/doatix.com\/sq\/"},{"@type":"ListItem","position":2,"name":"Homepage"}]},{"@type":"WebSite","@id":"https:\/\/doatix.com\/#website","url":"https:\/\/doatix.com\/","name":"Doatix","description":"Web development - Design - SEO","potentialAction":[{"@type":"SearchAction","target":{"@type":"EntryPoint","urlTemplate":"https:\/\/doatix.com\/?s={search_term_string}"},"query-input":{"@type":"PropertyValueSpecification","valueRequired":true,"valueName":"search_term_string"}}],"inLanguage":"sq-AL"}]}},"_links":{"self":[{"href":"https:\/\/doatix.com\/sq\/wp-json\/wp\/v2\/pages\/2083","targetHints":{"allow":["GET"]}}],"collection":[{"href":"https:\/\/doatix.com\/sq\/wp-json\/wp\/v2\/pages"}],"about":[{"href":"https:\/\/doatix.com\/sq\/wp-json\/wp\/v2\/types\/page"}],"author":[{"embeddable":true,"href":"https:\/\/doatix.com\/sq\/wp-json\/wp\/v2\/users\/1"}],"replies":[{"embeddable":true,"href":"https:\/\/doatix.com\/sq\/wp-json\/wp\/v2\/comments?post=2083"}],"version-history":[{"count":10,"href":"https:\/\/doatix.com\/sq\/wp-json\/wp\/v2\/pages\/2083\/revisions"}],"predecessor-version":[{"id":2097,"href":"https:\/\/doatix.com\/sq\/wp-json\/wp\/v2\/pages\/2083\/revisions\/2097"}],"wp:featuredmedia":[{"embeddable":true,"href":"https:\/\/doatix.com\/sq\/wp-json\/wp\/v2\/media\/1927"}],"wp:attachment":[{"href":"https:\/\/doatix.com\/sq\/wp-json\/wp\/v2\/media?parent=2083"}],"curies":[{"name":"wp","href":"https:\/\/api.w.org\/{rel}","templated":true}]}}